{"id":169,"date":"2020-01-09T16:04:02","date_gmt":"2020-01-09T19:04:02","guid":{"rendered":"http:\/\/prodimage.com.br\/?page_id=169"},"modified":"2020-01-16T13:46:08","modified_gmt":"2020-01-16T16:46:08","slug":"prodimage-document","status":"publish","type":"page","link":"https:\/\/prodimage.com.br\/?page_id=169","title":{"rendered":"PRODimage Document"},"content":{"rendered":"\t\t<div data-elementor-type=\"wp-page\" data-elementor-id=\"169\" class=\"elementor elementor-169\">\n\t\t\t\t\t\t<div class=\"elementor-inner\">\n\t\t\t\t<div class=\"elementor-section-wrap\">\n\t\t\t\t\t\t\t\t\t<section class=\"elementor-section elementor-top-section elementor-element elementor-element-696e423f elementor-section-full_width elementor-section-height-default elementor-section-height-default\" data-id=\"696e423f\" data-element_type=\"section\" data-settings=\"{&quot;background_background&quot;:&quot;classic&quot;}\">\n\t\t\t\t\t\t\t<div class=\"elementor-background-overlay\"><\/div>\n\t\t\t\t\t\t\t<div class=\"elementor-container elementor-column-gap-default\">\n\t\t\t\t\t\t\t<div class=\"elementor-row\">\n\t\t\t\t\t<div class=\"elementor-column elementor-col-100 elementor-top-column elementor-element elementor-element-720fe82c\" data-id=\"720fe82c\" data-element_type=\"column\">\n\t\t\t<div class=\"elementor-column-wrap elementor-element-populated\">\n\t\t\t\t\t\t\t<div class=\"elementor-widget-wrap\">\n\t\t\t\t\t\t<section class=\"elementor-section elementor-inner-section elementor-element elementor-element-760d79c5 elementor-section-boxed elementor-section-height-default elementor-section-height-default\" data-id=\"760d79c5\" data-element_type=\"section\">\n\t\t\t\t\t\t<div class=\"elementor-container elementor-column-gap-default\">\n\t\t\t\t\t\t\t<div class=\"elementor-row\">\n\t\t\t\t\t<div class=\"elementor-column elementor-col-100 elementor-inner-column elementor-element elementor-element-181da9d2\" data-id=\"181da9d2\" data-element_type=\"column\">\n\t\t\t<div class=\"elementor-column-wrap elementor-element-populated\">\n\t\t\t\t\t\t\t<div class=\"elementor-widget-wrap\">\n\t\t\t\t\t\t<div class=\"elementor-element elementor-element-9526be0 elementor-widget elementor-widget-heading\" data-id=\"9526be0\" data-element_type=\"widget\" data-widget_type=\"heading.default\">\n\t\t\t\t<div class=\"elementor-widget-container\">\n\t\t\t<h2 class=\"elementor-heading-title elementor-size-default\">PRODimage Document<\/h2>\t\t<\/div>\n\t\t\t\t<\/div>\n\t\t\t\t\t\t<\/div>\n\t\t\t\t\t<\/div>\n\t\t<\/div>\n\t\t\t\t\t\t\t\t<\/div>\n\t\t\t\t\t<\/div>\n\t\t<\/section>\n\t\t\t\t\t\t<\/div>\n\t\t\t\t\t<\/div>\n\t\t<\/div>\n\t\t\t\t\t\t\t\t<\/div>\n\t\t\t\t\t<\/div>\n\t\t<\/section>\n\t\t\t\t<section class=\"elementor-section elementor-top-section elementor-element elementor-element-7757a688 animated-slow elementor-section-boxed elementor-section-height-default elementor-section-height-default elementor-invisible\" data-id=\"7757a688\" data-element_type=\"section\" data-settings=\"{&quot;animation&quot;:&quot;fadeInLeft&quot;}\">\n\t\t\t\t\t\t<div class=\"elementor-container elementor-column-gap-default\">\n\t\t\t\t\t\t\t<div class=\"elementor-row\">\n\t\t\t\t\t<div class=\"elementor-column elementor-col-100 elementor-top-column elementor-element elementor-element-560e1a69\" data-id=\"560e1a69\" data-element_type=\"column\">\n\t\t\t<div class=\"elementor-column-wrap elementor-element-populated\">\n\t\t\t\t\t\t\t<div class=\"elementor-widget-wrap\">\n\t\t\t\t\t\t<div class=\"elementor-element elementor-element-45bc5706 elementor-widget elementor-widget-heading\" data-id=\"45bc5706\" data-element_type=\"widget\" data-widget_type=\"heading.default\">\n\t\t\t\t<div class=\"elementor-widget-container\">\n\t\t\t<h2 class=\"elementor-heading-title elementor-size-default\">A Solu\u00e7\u00e3o<\/h2>\t\t<\/div>\n\t\t\t\t<\/div>\n\t\t\t\t<section class=\"elementor-section elementor-inner-section elementor-element elementor-element-321f731 elementor-section-boxed elementor-section-height-default elementor-section-height-default\" data-id=\"321f731\" data-element_type=\"section\">\n\t\t\t\t\t\t<div class=\"elementor-container elementor-column-gap-default\">\n\t\t\t\t\t\t\t<div class=\"elementor-row\">\n\t\t\t\t\t<div class=\"elementor-column elementor-col-50 elementor-inner-column elementor-element elementor-element-42aabaa8\" data-id=\"42aabaa8\" data-element_type=\"column\">\n\t\t\t<div class=\"elementor-column-wrap elementor-element-populated\">\n\t\t\t\t\t\t\t<div class=\"elementor-widget-wrap\">\n\t\t\t\t\t\t<div class=\"elementor-element elementor-element-39ac05f0 elementor-widget elementor-widget-text-editor\" data-id=\"39ac05f0\" data-element_type=\"widget\" data-widget_type=\"text-editor.default\">\n\t\t\t\t<div class=\"elementor-widget-container\">\n\t\t\t\t\t\t\t\t<div class=\"elementor-text-editor elementor-clearfix\">\n\t\t\t\t<p>\u00a0 O sistema PRODimage Document \u00e9 uma solu\u00e7\u00e3o desenvolvida para digitaliza\u00e7\u00e3o local ou descentralizada com integra\u00e7\u00e3o com PRODimage ECM. Tem um gerenciamento f\u00e1cil dos locais de digitaliza\u00e7\u00e3o podendo padronizar atrav\u00e9s de perfis para cada tipo de documento. O processo de digitaliza\u00e7\u00e3o segue um workflow que \u00e9 configurado de acordo com a necessidade de cada cliente. Toda a configura\u00e7\u00e3o \u00e9 feita de forma remota e replicada automaticamente para as m\u00e1quinas locais. A parte de captura de imagem tem os mesmo recursos do PRODimage Produ\u00e7\u00e3o, logo as imagens geradas s\u00e3o de extrema qualidade.<\/p>\t\t\t\t\t<\/div>\n\t\t\t\t\t\t<\/div>\n\t\t\t\t<\/div>\n\t\t\t\t\t\t<\/div>\n\t\t\t\t\t<\/div>\n\t\t<\/div>\n\t\t\t\t<div class=\"elementor-column elementor-col-50 elementor-inner-column elementor-element elementor-element-45212bed\" data-id=\"45212bed\" data-element_type=\"column\">\n\t\t\t<div class=\"elementor-column-wrap elementor-element-populated\">\n\t\t\t\t\t\t\t<div class=\"elementor-widget-wrap\">\n\t\t\t\t\t\t<div class=\"elementor-element elementor-element-1f215f99 elementor-widget elementor-widget-image\" data-id=\"1f215f99\" data-element_type=\"widget\" data-widget_type=\"image.default\">\n\t\t\t\t<div class=\"elementor-widget-container\">\n\t\t\t\t\t\t\t\t<div class=\"elementor-image\">\n\t\t\t\t\t\t\t\t\t\t\t\t<img decoding=\"async\" src=\"https:\/\/prodimage.com.br\/wp-content\/uploads\/2020\/01\/undraw_file_manager_j85s.svg\" class=\"attachment-full size-full\" alt=\"\" loading=\"lazy\" \/>\t\t\t\t\t\t\t\t\t\t\t\t\t\t<\/div>\n\t\t\t\t\t\t<\/div>\n\t\t\t\t<\/div>\n\t\t\t\t\t\t<\/div>\n\t\t\t\t\t<\/div>\n\t\t<\/div>\n\t\t\t\t\t\t\t\t<\/div>\n\t\t\t\t\t<\/div>\n\t\t<\/section>\n\t\t\t\t\t\t<\/div>\n\t\t\t\t\t<\/div>\n\t\t<\/div>\n\t\t\t\t\t\t\t\t<\/div>\n\t\t\t\t\t<\/div>\n\t\t<\/section>\n\t\t\t\t<section class=\"elementor-section elementor-top-section elementor-element elementor-element-3fab9669 elementor-section-height-min-height animated-slow elementor-section-boxed elementor-section-height-default elementor-section-items-middle elementor-invisible\" data-id=\"3fab9669\" data-element_type=\"section\" data-settings=\"{&quot;background_background&quot;:&quot;classic&quot;,&quot;animation&quot;:&quot;fadeInRight&quot;,&quot;animation_delay&quot;:300}\">\n\t\t\t\t\t\t<div class=\"elementor-container elementor-column-gap-default\">\n\t\t\t\t\t\t\t<div class=\"elementor-row\">\n\t\t\t\t\t<div class=\"elementor-column elementor-col-100 elementor-top-column elementor-element elementor-element-1739c5a7\" data-id=\"1739c5a7\" data-element_type=\"column\" data-settings=\"{&quot;background_background&quot;:&quot;classic&quot;}\">\n\t\t\t<div class=\"elementor-column-wrap elementor-element-populated\">\n\t\t\t\t\t\t\t<div class=\"elementor-widget-wrap\">\n\t\t\t\t\t\t<div class=\"elementor-element elementor-element-748dba76 elementor-widget elementor-widget-heading\" data-id=\"748dba76\" data-element_type=\"widget\" data-widget_type=\"heading.default\">\n\t\t\t\t<div class=\"elementor-widget-container\">\n\t\t\t<h2 class=\"elementor-heading-title elementor-size-default\">Arquivos na nuvem<\/h2>\t\t<\/div>\n\t\t\t\t<\/div>\n\t\t\t\t<section class=\"elementor-section elementor-inner-section elementor-element elementor-element-757dff43 elementor-section-boxed elementor-section-height-default elementor-section-height-default\" data-id=\"757dff43\" data-element_type=\"section\">\n\t\t\t\t\t\t<div class=\"elementor-container elementor-column-gap-default\">\n\t\t\t\t\t\t\t<div class=\"elementor-row\">\n\t\t\t\t\t<div class=\"elementor-column elementor-col-50 elementor-inner-column elementor-element elementor-element-6cd077e4\" data-id=\"6cd077e4\" data-element_type=\"column\">\n\t\t\t<div class=\"elementor-column-wrap elementor-element-populated\">\n\t\t\t\t\t\t\t<div class=\"elementor-widget-wrap\">\n\t\t\t\t\t\t<div class=\"elementor-element elementor-element-7126bd93 elementor-widget elementor-widget-image\" data-id=\"7126bd93\" data-element_type=\"widget\" data-widget_type=\"image.default\">\n\t\t\t\t<div class=\"elementor-widget-container\">\n\t\t\t\t\t\t\t\t<div class=\"elementor-image\">\n\t\t\t\t\t\t\t\t\t\t\t\t<img decoding=\"async\" src=\"https:\/\/prodimage.com.br\/wp-content\/uploads\/2020\/01\/software-as-a-service-cloud.svg\" title=\"software-as-a-service-cloud\" alt=\"software-as-a-service-cloud\" \/>\t\t\t\t\t\t\t\t\t\t\t\t\t\t<\/div>\n\t\t\t\t\t\t<\/div>\n\t\t\t\t<\/div>\n\t\t\t\t\t\t<\/div>\n\t\t\t\t\t<\/div>\n\t\t<\/div>\n\t\t\t\t<div class=\"elementor-column elementor-col-50 elementor-inner-column elementor-element elementor-element-4dca13ec\" data-id=\"4dca13ec\" data-element_type=\"column\">\n\t\t\t<div class=\"elementor-column-wrap elementor-element-populated\">\n\t\t\t\t\t\t\t<div class=\"elementor-widget-wrap\">\n\t\t\t\t\t\t<div class=\"elementor-element elementor-element-1c7478d6 elementor-widget elementor-widget-text-editor\" data-id=\"1c7478d6\" data-element_type=\"widget\" data-widget_type=\"text-editor.default\">\n\t\t\t\t<div class=\"elementor-widget-container\">\n\t\t\t\t\t\t\t\t<div class=\"elementor-text-editor elementor-clearfix\">\n\t\t\t\t<p>\u00a0 Os arquivos gerados podem ser salvos tanto localmente ou na nuvem para poder ter f\u00e1cil acesso atrav\u00e9s de pesquisa &#8220;full text&#8221; de qualquer lugar. Conta com uma seguran\u00e7a para permitir acesso s\u00f3 aos grupos e usu\u00e1rios autorizados a acessar determinado tipo de documento.<\/p>\t\t\t\t\t<\/div>\n\t\t\t\t\t\t<\/div>\n\t\t\t\t<\/div>\n\t\t\t\t\t\t<\/div>\n\t\t\t\t\t<\/div>\n\t\t<\/div>\n\t\t\t\t\t\t\t\t<\/div>\n\t\t\t\t\t<\/div>\n\t\t<\/section>\n\t\t\t\t\t\t<\/div>\n\t\t\t\t\t<\/div>\n\t\t<\/div>\n\t\t\t\t\t\t\t\t<\/div>\n\t\t\t\t\t<\/div>\n\t\t<\/section>\n\t\t\t\t<section class=\"elementor-section elementor-top-section elementor-element elementor-element-5beca225 animated-slow elementor-section-boxed elementor-section-height-default elementor-section-height-default elementor-invisible\" data-id=\"5beca225\" data-element_type=\"section\" data-settings=\"{&quot;animation&quot;:&quot;fadeInLeft&quot;}\">\n\t\t\t\t\t\t<div class=\"elementor-container elementor-column-gap-default\">\n\t\t\t\t\t\t\t<div class=\"elementor-row\">\n\t\t\t\t\t<div class=\"elementor-column elementor-col-100 elementor-top-column elementor-element elementor-element-28c53497\" data-id=\"28c53497\" data-element_type=\"column\">\n\t\t\t<div class=\"elementor-column-wrap elementor-element-populated\">\n\t\t\t\t\t\t\t<div class=\"elementor-widget-wrap\">\n\t\t\t\t\t\t<div class=\"elementor-element elementor-element-602829d6 elementor-widget elementor-widget-heading\" data-id=\"602829d6\" data-element_type=\"widget\" data-widget_type=\"heading.default\">\n\t\t\t\t<div class=\"elementor-widget-container\">\n\t\t\t<h2 class=\"elementor-heading-title elementor-size-default\">Principais Recursos<\/h2>\t\t<\/div>\n\t\t\t\t<\/div>\n\t\t\t\t<section class=\"elementor-section elementor-inner-section elementor-element elementor-element-397e43c4 elementor-section-boxed elementor-section-height-default elementor-section-height-default\" data-id=\"397e43c4\" data-element_type=\"section\">\n\t\t\t\t\t\t<div class=\"elementor-container elementor-column-gap-default\">\n\t\t\t\t\t\t\t<div class=\"elementor-row\">\n\t\t\t\t\t<div class=\"elementor-column elementor-col-50 elementor-inner-column elementor-element elementor-element-1f6949f3\" data-id=\"1f6949f3\" data-element_type=\"column\">\n\t\t\t<div class=\"elementor-column-wrap elementor-element-populated\">\n\t\t\t\t\t\t\t<div class=\"elementor-widget-wrap\">\n\t\t\t\t\t\t<div class=\"elementor-element elementor-element-47dedd6f elementor-widget elementor-widget-text-editor\" data-id=\"47dedd6f\" data-element_type=\"widget\" data-widget_type=\"text-editor.default\">\n\t\t\t\t<div class=\"elementor-widget-container\">\n\t\t\t\t\t\t\t\t<div class=\"elementor-text-editor elementor-clearfix\">\n\t\t\t\t<ul><li><b>Processamento de imagem:<\/b> recorte autom\u00e1tico, remo\u00e7\u00e3o de bordas, convers\u00e3o para preto e branco e tons de cinza, orienta\u00e7\u00e3o autom\u00e1tica, alinhamento autom\u00e1tico, leitura de c\u00f3digo de barras, limpeza da imagem.<\/li><li><b>Tipo de arquivos gerados:<\/b> PDF e\u00a0<span style=\"font-size: 15px; font-style: normal; font-weight: 400;\">PDF\/A uma p\u00e1gina ou multi-p\u00e1ginas com a op\u00e7\u00e3o de ser pesquis\u00e1vel;\u00a0<\/span>TIFF uma p\u00e1gina ou multi-p\u00e1gina; JPEG; PNG.<\/li><li><b style=\"font-style: inherit;\">Compatibilidade de scanners:<\/b><span style=\"font-size: 15px;\"> compat\u00edvel com scanners com interfaces TWAIN e ISIS.<\/span><\/li><li><b>Integra\u00e7\u00e3o com outros sistemas:<\/b> possibilita a integra\u00e7\u00e3o com outros sistemas atrav\u00e9s de web services.<\/li><li><b style=\"font-style: inherit;\">Conex\u00e3o com bases externas:<\/b><span style=\"font-size: 15px;\"> acesso a bases externas de dados para consulta ou inser\u00e7\u00e3o de dados para os principais sistemas de banco de dados.<\/span><\/li><li style=\"font-size: 15px;\"><b>OCR<\/b><\/li><li style=\"font-size: 15px;\"><b>Leitura de c\u00f3digos de barras de diversos formatos<\/b><\/li><li style=\"font-size: 15px;\"><b>OMR<\/b><\/li><li style=\"font-size: 15px;\"><b>ICR<\/b><\/li><li style=\"font-size: 15px;\"><b>CMC7<\/b><\/li><li style=\"font-size: 15px;\"><b>Disponibiliza\u00e7\u00e3o dos arquivos na nuvem (Document Cloud)<\/b><\/li><li style=\"font-size: 15px;\"><b>Digitaliza\u00e7\u00e3o descentralizada<\/b><\/li><li style=\"font-size: 15px;\"><b>Gerenciamento remoto dos perfis de digitaliza\u00e7\u00e3o<\/b><\/li><li style=\"font-size: 15px;\"><b>Identifica\u00e7\u00e3o de autom\u00e1tica de tipo de documento por layout e palavra-chave<\/b><\/li><li style=\"font-size: 15px;\"><b>Controle de acesso com usu\u00e1rio e senha<\/b><\/li><li style=\"font-size: 15px;\"><b>Perfis de digitaliza\u00e7\u00e3o<\/b><\/li><li style=\"font-size: 15px;\"><b>Logs de auditoria<\/b><\/li><li style=\"font-size: 15px;\"><b>Compat\u00edvel com Windows 7, 8, 10 e Windows Server 2008 , 2012, 2016, 2019<br \/><\/b><\/li><\/ul>\t\t\t\t\t<\/div>\n\t\t\t\t\t\t<\/div>\n\t\t\t\t<\/div>\n\t\t\t\t\t\t<\/div>\n\t\t\t\t\t<\/div>\n\t\t<\/div>\n\t\t\t\t<div class=\"elementor-column elementor-col-50 elementor-inner-column elementor-element elementor-element-22e69423\" data-id=\"22e69423\" data-element_type=\"column\">\n\t\t\t<div class=\"elementor-column-wrap elementor-element-populated\">\n\t\t\t\t\t\t\t<div class=\"elementor-widget-wrap\">\n\t\t\t\t\t\t<div class=\"elementor-element elementor-element-222c96db elementor-widget elementor-widget-image\" data-id=\"222c96db\" data-element_type=\"widget\" data-widget_type=\"image.default\">\n\t\t\t\t<div class=\"elementor-widget-container\">\n\t\t\t\t\t\t\t\t<div class=\"elementor-image\">\n\t\t\t\t\t\t\t\t\t\t\t\t<img decoding=\"async\" src=\"https:\/\/prodimage.com.br\/wp-content\/uploads\/2020\/01\/to-do-list.svg\" class=\"attachment-full size-full\" alt=\"\" loading=\"lazy\" \/>\t\t\t\t\t\t\t\t\t\t\t\t\t\t<\/div>\n\t\t\t\t\t\t<\/div>\n\t\t\t\t<\/div>\n\t\t\t\t\t\t<\/div>\n\t\t\t\t\t<\/div>\n\t\t<\/div>\n\t\t\t\t\t\t\t\t<\/div>\n\t\t\t\t\t<\/div>\n\t\t<\/section>\n\t\t\t\t\t\t<\/div>\n\t\t\t\t\t<\/div>\n\t\t<\/div>\n\t\t\t\t\t\t\t\t<\/div>\n\t\t\t\t\t<\/div>\n\t\t<\/section>\n\t\t\t\t\t\t\t\t\t<\/div>\n\t\t\t<\/div>\n\t\t\t\t\t<\/div>\n\t\t","protected":false},"excerpt":{"rendered":"<p>PRODimage Document A Solu\u00e7\u00e3o \u00a0 O sistema PRODimage Document \u00e9 uma solu\u00e7\u00e3o desenvolvida para digitaliza\u00e7\u00e3o local ou descentralizada com integra\u00e7\u00e3o com PRODimage ECM. Tem um gerenciamento f\u00e1cil dos locais de digitaliza\u00e7\u00e3o podendo padronizar atrav\u00e9s de perfis para cada tipo de documento. O processo de digitaliza\u00e7\u00e3o segue um workflow que \u00e9 configurado de acordo com a &hellip;<\/p>\n<p class=\"read-more\"> <a class=\"\" href=\"https:\/\/prodimage.com.br\/?page_id=169\"> <span class=\"screen-reader-text\">PRODimage Document<\/span> Leia mais &raquo;<\/a><\/p>\n","protected":false},"author":1,"featured_media":0,"parent":0,"menu_order":0,"comment_status":"closed","ping_status":"closed","template":"","meta":[],"_links":{"self":[{"href":"https:\/\/prodimage.com.br\/index.php?rest_route=\/wp\/v2\/pages\/169"}],"collection":[{"href":"https:\/\/prodimage.com.br\/index.php?rest_route=\/wp\/v2\/pages"}],"about":[{"href":"https:\/\/prodimage.com.br\/index.php?rest_route=\/wp\/v2\/types\/page"}],"author":[{"embeddable":true,"href":"https:\/\/prodimage.com.br\/index.php?rest_route=\/wp\/v2\/users\/1"}],"replies":[{"embeddable":true,"href":"https:\/\/prodimage.com.br\/index.php?rest_route=%2Fwp%2Fv2%2Fcomments&post=169"}],"version-history":[{"count":11,"href":"https:\/\/prodimage.com.br\/index.php?rest_route=\/wp\/v2\/pages\/169\/revisions"}],"predecessor-version":[{"id":257,"href":"https:\/\/prodimage.com.br\/index.php?rest_route=\/wp\/v2\/pages\/169\/revisions\/257"}],"wp:attachment":[{"href":"https:\/\/prodimage.com.br\/index.php?rest_route=%2Fwp%2Fv2%2Fmedia&parent=169"}],"curies":[{"name":"wp","href":"https:\/\/api.w.org\/{rel}","templated":true}]}}